{"id":29,"date":"2024-09-04T09:11:27","date_gmt":"2024-09-04T09:11:27","guid":{"rendered":"https:\/\/teenasthmastud.wpenginepowered.com\/?page_id=29"},"modified":"2024-09-30T09:35:14","modified_gmt":"2024-09-30T09:35:14","slug":"participar","status":"publish","type":"page","link":"https:\/\/teenasthmastudy.com\/es_mx\/participar\/","title":{"rendered":"Participe"},"content":{"rendered":"<div data-elementor-type=\"wp-page\" data-elementor-id=\"29\" class=\"elementor elementor-29\" data-elementor-post-type=\"page\">\n\t\t\t\t<div class=\"elementor-element elementor-element-3fe57bf e-flex e-con-boxed e-con e-parent\" data-id=\"3fe57bf\" data-element_type=\"container\" data-e-type=\"container\" data-settings=\"{&quot;jet_parallax_layout_list&quot;:[],&quot;background_background&quot;:&quot;classic&quot;}\">\n\t\t\t\t\t<div class=\"e-con-inner\">\n\t\t<div class=\"elementor-element elementor-element-33583a5 e-con-full e-flex e-con e-child\" data-id=\"33583a5\" data-element_type=\"container\" data-e-type=\"container\" data-settings=\"{&quot;jet_parallax_layout_list&quot;:[]}\">\n\t\t\t\t<div class=\"elementor-element elementor-element-a5fb015 elementor-widget elementor-widget-image\" data-id=\"a5fb015\" data-element_type=\"widget\" data-e-type=\"widget\" data-widget_type=\"image.default\">\n\t\t\t\t<div class=\"elementor-widget-container\">\n\t\t\t\t\t\t\t\t\t\t\t\t\t\t\t<img fetchpriority=\"high\" decoding=\"async\" width=\"481\" height=\"479\" src=\"https:\/\/teenasthmastudy.com\/wp-content\/uploads\/2024\/09\/Group-472-5.png\" class=\"attachment-large size-large wp-image-499\" alt=\"\" srcset=\"https:\/\/teenasthmastudy.com\/wp-content\/uploads\/2024\/09\/Group-472-5.png 481w, https:\/\/teenasthmastudy.com\/wp-content\/uploads\/2024\/09\/Group-472-5-300x300.png 300w, https:\/\/teenasthmastudy.com\/wp-content\/uploads\/2024\/09\/Group-472-5-150x150.png 150w\" sizes=\"(max-width: 481px) 100vw, 481px\" \/>\t\t\t\t\t\t\t\t\t\t\t\t\t\t\t<\/div>\n\t\t\t\t<\/div>\n\t\t\t\t<\/div>\n\t\t<div class=\"elementor-element elementor-element-120dd50 e-con-full e-flex e-con e-child\" data-id=\"120dd50\" data-element_type=\"container\" data-e-type=\"container\" data-settings=\"{&quot;jet_parallax_layout_list&quot;:[]}\">\n\t\t\t\t<div class=\"elementor-element elementor-element-59d87fd elementor-widget elementor-widget-heading\" data-id=\"59d87fd\" data-element_type=\"widget\" data-e-type=\"widget\" data-widget_type=\"heading.default\">\n\t\t\t\t<div class=\"elementor-widget-container\">\n\t\t\t\t\t<h1 class=\"elementor-heading-title elementor-size-default\">Participar en el estudio de investigaci\u00f3n cl\u00ednica ARIA<\/h1>\t\t\t\t<\/div>\n\t\t\t\t<\/div>\n\t\t\t\t<div class=\"elementor-element elementor-element-971d9fb elementor-widget elementor-widget-text-editor\" data-id=\"971d9fb\" data-element_type=\"widget\" data-e-type=\"widget\" data-widget_type=\"text-editor.default\">\n\t\t\t\t<div class=\"elementor-widget-container\">\n\t\t\t\t\t\t\t\t\t<p>Pueden participar los adolescentes de 12 a 17 a\u00f1os, ambos inclusive, diagnosticados de asma.<\/p>\t\t\t\t\t\t\t\t<\/div>\n\t\t\t\t<\/div>\n\t\t\t\t<\/div>\n\t\t\t\t\t<\/div>\n\t\t\t\t<\/div>\n\t\t<div class=\"elementor-element elementor-element-a0123f0 e-flex e-con-boxed e-con e-parent\" data-id=\"a0123f0\" data-element_type=\"container\" data-e-type=\"container\" data-settings=\"{&quot;jet_parallax_layout_list&quot;:[]}\">\n\t\t\t\t\t<div class=\"e-con-inner\">\n\t\t\t\t<div class=\"elementor-element elementor-element-dbd4913 elementor-widget elementor-widget-text-editor\" data-id=\"dbd4913\" data-element_type=\"widget\" data-e-type=\"widget\" data-widget_type=\"text-editor.default\">\n\t\t\t\t<div class=\"elementor-widget-container\">\n\t\t\t\t\t\t\t\t\t<p>Los padres o cuidadores deben seguir los pasos 1-4 para registrar su inter\u00e9s en el estudio ARIA.<\/p>\t\t\t\t\t\t\t\t<\/div>\n\t\t\t\t<\/div>\n\t\t\t\t\t<\/div>\n\t\t\t\t<\/div>\n\t\t<div class=\"elementor-element elementor-element-a46ab3b e-flex e-con-boxed e-con e-parent\" data-id=\"a46ab3b\" data-element_type=\"container\" data-e-type=\"container\" data-settings=\"{&quot;jet_parallax_layout_list&quot;:[]}\">\n\t\t\t\t\t<div class=\"e-con-inner\">\n\t\t<div class=\"elementor-element elementor-element-35ff938 e-con-full e-flex e-con e-child\" data-id=\"35ff938\" data-element_type=\"container\" data-e-type=\"container\" data-settings=\"{&quot;background_background&quot;:&quot;classic&quot;,&quot;jet_parallax_layout_list&quot;:[]}\">\n\t\t\t\t<div class=\"elementor-element elementor-element-7a1d779 elementor-widget elementor-widget-heading\" data-id=\"7a1d779\" data-element_type=\"widget\" data-e-type=\"widget\" data-widget_type=\"heading.default\">\n\t\t\t\t<div class=\"elementor-widget-container\">\n\t\t\t\t\t<h3 class=\"elementor-heading-title elementor-size-default\">Primer paso<\/h3>\t\t\t\t<\/div>\n\t\t\t\t<\/div>\n\t\t\t\t<div class=\"elementor-element elementor-element-9efa346 elementor-widget elementor-widget-text-editor\" data-id=\"9efa346\" data-element_type=\"widget\" data-e-type=\"widget\" data-widget_type=\"text-editor.default\">\n\t\t\t\t<div class=\"elementor-widget-container\">\n\t\t\t\t\t\t\t\t\t<p>Rellene un breve cuestionario para ayudar a determinar si su adolescente (u otro familiar) puede participar.<\/p>\t\t\t\t\t\t\t\t<\/div>\n\t\t\t\t<\/div>\n\t\t\t\t<\/div>\n\t\t\t\t\t<\/div>\n\t\t\t\t<\/div>\n\t\t<div class=\"elementor-element elementor-element-62dafa7 e-flex e-con-boxed e-con e-parent\" data-id=\"62dafa7\" data-element_type=\"container\" data-e-type=\"container\" data-settings=\"{&quot;jet_parallax_layout_list&quot;:[]}\">\n\t\t\t\t\t<div class=\"e-con-inner\">\n\t\t<div class=\"elementor-element elementor-element-9c34f3f e-con-full e-flex e-con e-child\" data-id=\"9c34f3f\" data-element_type=\"container\" data-e-type=\"container\" data-settings=\"{&quot;background_background&quot;:&quot;classic&quot;,&quot;jet_parallax_layout_list&quot;:[]}\">\n\t\t\t\t<div class=\"elementor-element elementor-element-6e71af2 elementor-widget elementor-widget-heading\" data-id=\"6e71af2\" data-element_type=\"widget\" data-e-type=\"widget\" data-widget_type=\"heading.default\">\n\t\t\t\t<div class=\"elementor-widget-container\">\n\t\t\t\t\t<h3 class=\"elementor-heading-title elementor-size-default\">Paso 2<\/h3>\t\t\t\t<\/div>\n\t\t\t\t<\/div>\n\t\t\t\t<div class=\"elementor-element elementor-element-d935285 elementor-widget elementor-widget-text-editor\" data-id=\"d935285\" data-element_type=\"widget\" data-e-type=\"widget\" data-widget_type=\"text-editor.default\">\n\t\t\t\t<div class=\"elementor-widget-container\">\n\t\t\t\t\t\t\t\t\t<p>Utilice el mapa del centro del estudio para encontrar su cl\u00ednica preferida.<\/p>\t\t\t\t\t\t\t\t<\/div>\n\t\t\t\t<\/div>\n\t\t\t\t<\/div>\n\t\t\t\t\t<\/div>\n\t\t\t\t<\/div>\n\t\t<div class=\"elementor-element elementor-element-0fe1b59 e-flex e-con-boxed e-con e-parent\" data-id=\"0fe1b59\" data-element_type=\"container\" data-e-type=\"container\" data-settings=\"{&quot;jet_parallax_layout_list&quot;:[]}\">\n\t\t\t\t\t<div class=\"e-con-inner\">\n\t\t<div class=\"elementor-element elementor-element-c18223a e-con-full e-flex e-con e-child\" data-id=\"c18223a\" data-element_type=\"container\" data-e-type=\"container\" data-settings=\"{&quot;background_background&quot;:&quot;classic&quot;,&quot;jet_parallax_layout_list&quot;:[]}\">\n\t\t\t\t<div class=\"elementor-element elementor-element-384019e elementor-widget elementor-widget-heading\" data-id=\"384019e\" data-element_type=\"widget\" data-e-type=\"widget\" data-widget_type=\"heading.default\">\n\t\t\t\t<div class=\"elementor-widget-container\">\n\t\t\t\t\t<h3 class=\"elementor-heading-title elementor-size-default\">Paso 3<\/h3>\t\t\t\t<\/div>\n\t\t\t\t<\/div>\n\t\t\t\t<div class=\"elementor-element elementor-element-e6900e3 elementor-widget elementor-widget-text-editor\" data-id=\"e6900e3\" data-element_type=\"widget\" data-e-type=\"widget\" data-widget_type=\"text-editor.default\">\n\t\t\t\t<div class=\"elementor-widget-container\">\n\t\t\t\t\t\t\t\t\t<p>Si su hijo adolescente parece apto para participar, puede registrar su inter\u00e9s facilitando sus datos de contacto. Por favor, facilite \u00fanicamente sus datos de contacto, no los del posible participante.<\/p>\t\t\t\t\t\t\t\t<\/div>\n\t\t\t\t<\/div>\n\t\t\t\t<\/div>\n\t\t\t\t\t<\/div>\n\t\t\t\t<\/div>\n\t\t<div class=\"elementor-element elementor-element-b2294ec e-flex e-con-boxed e-con e-parent\" data-id=\"b2294ec\" data-element_type=\"container\" data-e-type=\"container\" data-settings=\"{&quot;jet_parallax_layout_list&quot;:[]}\">\n\t\t\t\t\t<div class=\"e-con-inner\">\n\t\t<div class=\"elementor-element elementor-element-f8cfb2f e-con-full e-flex e-con e-child\" data-id=\"f8cfb2f\" data-element_type=\"container\" data-e-type=\"container\" data-settings=\"{&quot;background_background&quot;:&quot;classic&quot;,&quot;jet_parallax_layout_list&quot;:[]}\">\n\t\t\t\t<div class=\"elementor-element elementor-element-bf4665e elementor-widget elementor-widget-heading\" data-id=\"bf4665e\" data-element_type=\"widget\" data-e-type=\"widget\" data-widget_type=\"heading.default\">\n\t\t\t\t<div class=\"elementor-widget-container\">\n\t\t\t\t\t<h3 class=\"elementor-heading-title elementor-size-default\">Paso 4<\/h3>\t\t\t\t<\/div>\n\t\t\t\t<\/div>\n\t\t\t\t<div class=\"elementor-element elementor-element-f6cb3d6 elementor-widget elementor-widget-text-editor\" data-id=\"f6cb3d6\" data-element_type=\"widget\" data-e-type=\"widget\" data-widget_type=\"text-editor.default\">\n\t\t\t\t<div class=\"elementor-widget-container\">\n\t\t\t\t\t\t\t\t\t<p>El equipo del centro de estudio de su preferencia se pondr\u00e1 en contacto con usted para hablar del estudio y de la elegibilidad de su hijo adolescente con m\u00e1s detalle y discutir los pr\u00f3ximos pasos.<br \/>Estos formularios deben ser cumplimentados por los padres o cuidadores y no por su hijo adolescente. La participaci\u00f3n es totalmente voluntaria, y su hijo no est\u00e1 obligado a afiliarse si usted pregunta o solicita informaci\u00f3n.<\/p>\t\t\t\t\t\t\t\t<\/div>\n\t\t\t\t<\/div>\n\t\t\t\t<\/div>\n\t\t\t\t\t<\/div>\n\t\t\t\t<\/div>\n\t\t<div class=\"elementor-element elementor-element-8586a21 e-flex e-con-boxed e-con e-parent\" data-id=\"8586a21\" data-element_type=\"container\" data-e-type=\"container\" data-settings=\"{&quot;jet_parallax_layout_list&quot;:[]}\">\n\t\t\t\t\t<div class=\"e-con-inner\">\n\t\t\t\t<div class=\"elementor-element elementor-element-2ce6095 elementor-align-justify elementor-widget elementor-widget-button\" data-id=\"2ce6095\" data-element_type=\"widget\" data-e-type=\"widget\" data-widget_type=\"button.default\">\n\t\t\t\t<div class=\"elementor-widget-container\">\n\t\t\t\t\t\t\t\t\t<div class=\"elementor-button-wrapper\">\n\t\t\t\t\t<a class=\"elementor-button elementor-button-link elementor-size-sm\" href=\"https:\/\/teenasthmastudy.com\/es_mx\/preguntas-de-participacion\/\">\n\t\t\t\t\t\t<span class=\"elementor-button-content-wrapper\">\n\t\t\t\t\t\t\t\t\t<span class=\"elementor-button-text\">\u00bfPuede participar mi hijo adolescente?<\/span>\n\t\t\t\t\t<\/span>\n\t\t\t\t\t<\/a>\n\t\t\t\t<\/div>\n\t\t\t\t\t\t\t\t<\/div>\n\t\t\t\t<\/div>\n\t\t\t\t\t<\/div>\n\t\t\t\t<\/div>\n\t\t\t\t<\/div>","protected":false},"excerpt":{"rendered":"<p>Take part in the ARIA clinical research study Teenagers who are aged 12 to 17 years inclusive and have a diagnosis of asthma, may be able to take part. Parents or caregivers should follow steps 1-4 to register interest in the ARIA study. Step 1 Complete a short questionnaire to help determine if your (or [&hellip;]<\/p>\n","protected":false},"author":1,"featured_media":0,"parent":0,"menu_order":0,"comment_status":"closed","ping_status":"closed","template":"","meta":{"footnotes":""},"class_list":["post-29","page","type-page","status-publish","hentry"],"yoast_head":"<!-- This site is optimized with the Yoast SEO plugin v27.1.1 - https:\/\/yoast.com\/product\/yoast-seo-wordpress\/ -->\n<title>Join the ARIA Clinical Research Study for Teenagers with Uncontrolled Asthma<\/title>\n<meta name=\"description\" content=\"See if your teenager is eligible for the ARIA asthma clinical research study. Complete the prescreener with dropdown options, choose a study site, and submit your contact details.\" \/>\n<meta name=\"robots\" content=\"index, follow, max-snippet:-1, max-image-preview:large, max-video-preview:-1\" \/>\n<link rel=\"canonical\" href=\"https:\/\/teenasthmastudy.com\/es_mx\/participar\/\" \/>\n<meta property=\"og:locale\" content=\"es_MX\" \/>\n<meta property=\"og:type\" content=\"article\" \/>\n<meta property=\"og:title\" content=\"Join the ARIA Clinical Research Study for Teenagers with Uncontrolled Asthma\" \/>\n<meta property=\"og:description\" content=\"See if your teenager is eligible for the ARIA asthma clinical research study. Complete the prescreener with dropdown options, choose a study site, and submit your contact details.\" \/>\n<meta property=\"og:url\" content=\"https:\/\/teenasthmastudy.com\/es_mx\/participar\/\" \/>\n<meta property=\"og:site_name\" content=\"ARIA clinical research study\" \/>\n<meta property=\"article:modified_time\" content=\"2024-09-30T09:35:14+00:00\" \/>\n<meta property=\"og:image\" content=\"https:\/\/teenasthmastudy.com\/wp-content\/uploads\/2024\/09\/Group-472-5.png\" \/>\n<meta name=\"twitter:card\" content=\"summary_large_image\" \/>\n<meta name=\"twitter:label1\" content=\"Tiempo de lectura\" \/>\n\t<meta name=\"twitter:data1\" content=\"1 minuto\" \/>\n<script type=\"application\/ld+json\" class=\"yoast-schema-graph\">{\"@context\":\"https:\/\/schema.org\",\"@graph\":[{\"@type\":\"WebPage\",\"@id\":\"https:\/\/teenasthmastudy.com\/take-part\/\",\"url\":\"https:\/\/teenasthmastudy.com\/take-part\/\",\"name\":\"Join the ARIA Clinical Research Study for Teenagers with Uncontrolled Asthma\",\"isPartOf\":{\"@id\":\"https:\/\/teenasthmastudy.com\/#website\"},\"primaryImageOfPage\":{\"@id\":\"https:\/\/teenasthmastudy.com\/take-part\/#primaryimage\"},\"image\":{\"@id\":\"https:\/\/teenasthmastudy.com\/take-part\/#primaryimage\"},\"thumbnailUrl\":\"https:\/\/teenasthmastudy.com\/wp-content\/uploads\/2024\/09\/Group-472-5.png\",\"datePublished\":\"2024-09-04T09:11:27+00:00\",\"dateModified\":\"2024-09-30T09:35:14+00:00\",\"description\":\"See if your teenager is eligible for the ARIA asthma clinical research study. Complete the prescreener with dropdown options, choose a study site, and submit your contact details.\",\"breadcrumb\":{\"@id\":\"https:\/\/teenasthmastudy.com\/take-part\/#breadcrumb\"},\"inLanguage\":\"es\",\"potentialAction\":[{\"@type\":\"ReadAction\",\"target\":[\"https:\/\/teenasthmastudy.com\/take-part\/\"]}]},{\"@type\":\"ImageObject\",\"inLanguage\":\"es\",\"@id\":\"https:\/\/teenasthmastudy.com\/take-part\/#primaryimage\",\"url\":\"https:\/\/teenasthmastudy.com\/wp-content\/uploads\/2024\/09\/Group-472-5.png\",\"contentUrl\":\"https:\/\/teenasthmastudy.com\/wp-content\/uploads\/2024\/09\/Group-472-5.png\"},{\"@type\":\"BreadcrumbList\",\"@id\":\"https:\/\/teenasthmastudy.com\/take-part\/#breadcrumb\",\"itemListElement\":[{\"@type\":\"ListItem\",\"position\":1,\"name\":\"Home\",\"item\":\"https:\/\/teenasthmastudy.com\/\"},{\"@type\":\"ListItem\",\"position\":2,\"name\":\"Take part\"}]},{\"@type\":\"WebSite\",\"@id\":\"https:\/\/teenasthmastudy.com\/#website\",\"url\":\"https:\/\/teenasthmastudy.com\/\",\"name\":\"ARIA clinical research study\",\"description\":\"Asthma won\u2019t hold us back\",\"publisher\":{\"@id\":\"https:\/\/teenasthmastudy.com\/#organization\"},\"potentialAction\":[{\"@type\":\"SearchAction\",\"target\":{\"@type\":\"EntryPoint\",\"urlTemplate\":\"https:\/\/teenasthmastudy.com\/?s={search_term_string}\"},\"query-input\":{\"@type\":\"PropertyValueSpecification\",\"valueRequired\":true,\"valueName\":\"search_term_string\"}}],\"inLanguage\":\"es\"},{\"@type\":\"Organization\",\"@id\":\"https:\/\/teenasthmastudy.com\/#organization\",\"name\":\"ARIA clinical research study\",\"url\":\"https:\/\/teenasthmastudy.com\/\",\"logo\":{\"@type\":\"ImageObject\",\"inLanguage\":\"es\",\"@id\":\"https:\/\/teenasthmastudy.com\/#\/schema\/logo\/image\/\",\"url\":\"https:\/\/teenasthmastudy.com\/wp-content\/uploads\/2021\/05\/logo.svg\",\"contentUrl\":\"https:\/\/teenasthmastudy.com\/wp-content\/uploads\/2021\/05\/logo.svg\",\"width\":161.374,\"height\":30.878,\"caption\":\"ARIA clinical research study\"},\"image\":{\"@id\":\"https:\/\/teenasthmastudy.com\/#\/schema\/logo\/image\/\"}}]}<\/script>\n<!-- \/ Yoast SEO plugin. -->","yoast_head_json":{"title":"\u00danase al estudio de investigaci\u00f3n cl\u00ednica ARIA para adolescentes con asma no controlada","description":"Compruebe si su hijo adolescente puede participar en el estudio de investigaci\u00f3n cl\u00ednica sobre el asma ARIA. Complete el prescreener con opciones desplegables, elija un centro de estudio y env\u00ede sus datos de contacto.","robots":{"index":"index","follow":"follow","max-snippet":"max-snippet:-1","max-image-preview":"max-image-preview:large","max-video-preview":"max-video-preview:-1"},"canonical":"https:\/\/teenasthmastudy.com\/es_mx\/participar\/","og_locale":"es_MX","og_type":"article","og_title":"Join the ARIA Clinical Research Study for Teenagers with Uncontrolled Asthma","og_description":"See if your teenager is eligible for the ARIA asthma clinical research study. Complete the prescreener with dropdown options, choose a study site, and submit your contact details.","og_url":"https:\/\/teenasthmastudy.com\/es_mx\/participar\/","og_site_name":"ARIA clinical research study","article_modified_time":"2024-09-30T09:35:14+00:00","og_image":[{"url":"https:\/\/teenasthmastudy.com\/wp-content\/uploads\/2024\/09\/Group-472-5.png","type":"","width":"","height":""}],"twitter_card":"summary_large_image","twitter_misc":{"Tiempo de lectura":"1 minuto"},"schema":{"@context":"https:\/\/schema.org","@graph":[{"@type":"WebPage","@id":"https:\/\/teenasthmastudy.com\/take-part\/","url":"https:\/\/teenasthmastudy.com\/take-part\/","name":"\u00danase al estudio de investigaci\u00f3n cl\u00ednica ARIA para adolescentes con asma no controlada","isPartOf":{"@id":"https:\/\/teenasthmastudy.com\/#website"},"primaryImageOfPage":{"@id":"https:\/\/teenasthmastudy.com\/take-part\/#primaryimage"},"image":{"@id":"https:\/\/teenasthmastudy.com\/take-part\/#primaryimage"},"thumbnailUrl":"https:\/\/teenasthmastudy.com\/wp-content\/uploads\/2024\/09\/Group-472-5.png","datePublished":"2024-09-04T09:11:27+00:00","dateModified":"2024-09-30T09:35:14+00:00","description":"Compruebe si su hijo adolescente puede participar en el estudio de investigaci\u00f3n cl\u00ednica sobre el asma ARIA. Complete el prescreener con opciones desplegables, elija un centro de estudio y env\u00ede sus datos de contacto.","breadcrumb":{"@id":"https:\/\/teenasthmastudy.com\/take-part\/#breadcrumb"},"inLanguage":"es","potentialAction":[{"@type":"ReadAction","target":["https:\/\/teenasthmastudy.com\/take-part\/"]}]},{"@type":"ImageObject","inLanguage":"es","@id":"https:\/\/teenasthmastudy.com\/take-part\/#primaryimage","url":"https:\/\/teenasthmastudy.com\/wp-content\/uploads\/2024\/09\/Group-472-5.png","contentUrl":"https:\/\/teenasthmastudy.com\/wp-content\/uploads\/2024\/09\/Group-472-5.png"},{"@type":"BreadcrumbList","@id":"https:\/\/teenasthmastudy.com\/take-part\/#breadcrumb","itemListElement":[{"@type":"ListItem","position":1,"name":"Home","item":"https:\/\/teenasthmastudy.com\/"},{"@type":"ListItem","position":2,"name":"Take part"}]},{"@type":"WebSite","@id":"https:\/\/teenasthmastudy.com\/#website","url":"https:\/\/teenasthmastudy.com\/","name":"Estudio de investigaci\u00f3n cl\u00ednica ARIA","description":"El asma no nos frenar\u00e1","publisher":{"@id":"https:\/\/teenasthmastudy.com\/#organization"},"potentialAction":[{"@type":"SearchAction","target":{"@type":"EntryPoint","urlTemplate":"https:\/\/teenasthmastudy.com\/?s={search_term_string}"},"query-input":{"@type":"PropertyValueSpecification","valueRequired":true,"valueName":"search_term_string"}}],"inLanguage":"es"},{"@type":"Organization","@id":"https:\/\/teenasthmastudy.com\/#organization","name":"Estudio de investigaci\u00f3n cl\u00ednica ARIA","url":"https:\/\/teenasthmastudy.com\/","logo":{"@type":"ImageObject","inLanguage":"es","@id":"https:\/\/teenasthmastudy.com\/#\/schema\/logo\/image\/","url":"https:\/\/teenasthmastudy.com\/wp-content\/uploads\/2021\/05\/logo.svg","contentUrl":"https:\/\/teenasthmastudy.com\/wp-content\/uploads\/2021\/05\/logo.svg","width":161.374,"height":30.878,"caption":"ARIA clinical research study"},"image":{"@id":"https:\/\/teenasthmastudy.com\/#\/schema\/logo\/image\/"}}]}},"_links":{"self":[{"href":"https:\/\/teenasthmastudy.com\/es_mx\/wp-json\/wp\/v2\/pages\/29","targetHints":{"allow":["GET"]}}],"collection":[{"href":"https:\/\/teenasthmastudy.com\/es_mx\/wp-json\/wp\/v2\/pages"}],"about":[{"href":"https:\/\/teenasthmastudy.com\/es_mx\/wp-json\/wp\/v2\/types\/page"}],"author":[{"embeddable":true,"href":"https:\/\/teenasthmastudy.com\/es_mx\/wp-json\/wp\/v2\/users\/1"}],"replies":[{"embeddable":true,"href":"https:\/\/teenasthmastudy.com\/es_mx\/wp-json\/wp\/v2\/comments?post=29"}],"version-history":[{"count":0,"href":"https:\/\/teenasthmastudy.com\/es_mx\/wp-json\/wp\/v2\/pages\/29\/revisions"}],"wp:attachment":[{"href":"https:\/\/teenasthmastudy.com\/es_mx\/wp-json\/wp\/v2\/media?parent=29"}],"curies":[{"name":"wp","href":"https:\/\/api.w.org\/{rel}","templated":true}]}}